{"id":420,"date":"2018-12-08T12:23:54","date_gmt":"2018-12-08T18:23:54","guid":{"rendered":"https:\/\/vivevalle.mx\/?page_id=420"},"modified":"2023-10-03T23:51:39","modified_gmt":"2023-10-04T05:51:39","slug":"como-llegar-a-valle-de-bravo","status":"publish","type":"page","link":"https:\/\/vivevalle.mx\/en\/como-llegar-a-valle-de-bravo\/","title":{"rendered":"How to get to Valle de Bravo"},"content":{"rendered":"<div class=\"wpb-content-wrapper\"><div class=\"vc_row wpb_row section vc_row-fluid  vc_custom_1544302081767\" style=' padding-top:300px; padding-bottom:150px; text-align:center;'><div class=\"full_section_inner clearfix\"><div class=\"wpb_column vc_column_container vc_col-sm-12\"><div class=\"vc_column-inner\"><div class=\"wpb_wrapper\">\n\t<div class=\"wpb_text_column wpb_content_element  vc_custom_1683248223642\">\n\t\t<div class=\"wpb_wrapper\">\n\t\t\t<h1 style=\"text-align: center;\">C\u00f3mo llegar<\/h1>\n<h1 style=\"text-align: center;\">a Valle de Bravo<\/h1>\n<h2 style=\"text-align: center;\"><span style=\"color: #66ff66;\"><a style=\"color: #66ff66;\" href=\"#instrucciones\"><span style=\"text-decoration: underline;\">Ver instrucciones<\/span><\/a><\/span><\/h2>\n\n\t\t<\/div>\n\t<\/div><\/div><\/div><\/div><\/div><\/div><div      class=\"vc_row wpb_row section vc_row-fluid  vc_custom_1539734881631\" style=' text-align:left;'><div class=\"full_section_inner clearfix\"><div class=\"wpb_column vc_column_container vc_col-sm-12\"><div class=\"vc_column-inner\"><div class=\"wpb_wrapper\">\n\t<div class=\"wpb_text_column wpb_content_element  vc_custom_1683248244554\">\n\t\t<div class=\"wpb_wrapper\">\n\t\t\t<h2 style=\"text-align: center;\">\u00bfPlaneas ir a Valle de Bravo?<\/h2>\n<h2 style=\"text-align: center;\">Conoce <span style=\"color: #66ff66;\"><a style=\"color: #66ff66;\" href=\"https:\/\/vivevalle.mx\/en\/\"><span style=\"text-decoration: underline;\">OUR SERVICES<\/span><\/a><\/span><\/h2>\n\n\t\t<\/div>\n\t<\/div><\/div><\/div><\/div><\/div><\/div><div      class=\"vc_row wpb_row section vc_row-fluid\" style=' text-align:left;'><div class=\"full_section_inner clearfix\"><div class=\"wpb_column vc_column_container vc_col-sm-4 vc_col-has-fill\"><div class=\"vc_column-inner vc_custom_1560234895225\"><div class=\"wpb_wrapper\">\n\t<div class=\"wpb_text_column wpb_content_element  vc_custom_1683248253970\">\n\t\t<div class=\"wpb_wrapper\">\n\t\t\t<h2 style=\"text-align: center;\">Paragliding<\/h2>\n\n\t\t<\/div>\n\t<\/div>\n\t<div class=\"wpb_text_column wpb_content_element  vc_custom_1560234922311\">\n\t\t<div class=\"wpb_wrapper\">\n\t\t\t<h3 style=\"text-align: center;\"><a href=\"https:\/\/vivevalle.mx\/en\/parapente-en-valle-de-bravo\/\" target=\"_blank\" rel=\"noopener noreferrer\">SEE MORE<\/a><\/h3>\n\n\t\t<\/div>\n\t<\/div><\/div><\/div><\/div><div class=\"wpb_column vc_column_container vc_col-sm-4 vc_col-has-fill\"><div class=\"vc_column-inner vc_custom_1560234945847\"><div class=\"wpb_wrapper\">\n\t<div class=\"wpb_text_column wpb_content_element  vc_custom_1683248259145\">\n\t\t<div class=\"wpb_wrapper\">\n\t\t\t<h2 style=\"text-align: center;\">Sailboating<\/h2>\n\n\t\t<\/div>\n\t<\/div>\n\t<div class=\"wpb_text_column wpb_content_element  vc_custom_1560235171126\">\n\t\t<div class=\"wpb_wrapper\">\n\t\t\t<h3 style=\"text-align: center;\"><a href=\"https:\/\/vivevalle.mx\/en\/velero-en-valle-de-bravo\/\" target=\"_blank\" rel=\"noopener noreferrer\">SEE MORE<\/a><\/h3>\n\n\t\t<\/div>\n\t<\/div><\/div><\/div><\/div><div class=\"wpb_column vc_column_container vc_col-sm-4 vc_col-has-fill\"><div class=\"vc_column-inner vc_custom_1683248288564\"><div class=\"wpb_wrapper\">\n\t<div class=\"wpb_text_column wpb_content_element  vc_custom_1683248264827\">\n\t\t<div class=\"wpb_wrapper\">\n\t\t\t<h2 style=\"text-align: center;\">Hang Gliding<\/h2>\n\n\t\t<\/div>\n\t<\/div>\n\t<div class=\"wpb_text_column wpb_content_element  vc_custom_1683248301875\">\n\t\t<div class=\"wpb_wrapper\">\n\t\t\t<h3 style=\"text-align: center;\"><a href=\"https:\/\/vivevalle.mx\/en\/ala-delta-en-valle-de-bravo\/\" target=\"_blank\" rel=\"noopener noreferrer\">SEE MORE<\/a><\/h3>\n\n\t\t<\/div>\n\t<\/div><\/div><\/div><\/div><\/div><\/div><div      class=\"vc_row wpb_row section vc_row-fluid  vc_custom_1541560182433\" style=' text-align:left;'><div class=\"full_section_inner clearfix\"><div class=\"wpb_column vc_column_container vc_col-sm-12\"><div class=\"vc_column-inner\"><div class=\"wpb_wrapper\">\n\t<div class=\"wpb_text_column wpb_content_element  vc_custom_1696398694466\">\n\t\t<div class=\"wpb_wrapper\">\n\t\t\t<h2 style=\"text-align: center;\">Si necesitas algo en Valle de Bravo<\/h2>\n<h2 style=\"text-align: center;\">\u00a0Preg\u00fantanos por <span style=\"color: #66ff66;\"><a style=\"color: #66ff66;\" href=\"https:\/\/wa.me\/5217223141483\">WHATSAPP\u00a0<\/a><\/span><\/h2>\n\n\t\t<\/div>\n\t<\/div><\/div><\/div><\/div><\/div><\/div><div id=\"instrucciones\"  data-q_id=\"#instrucciones\"    class=\"vc_row wpb_row section vc_row-fluid  instrucciones vc_custom_1561665641257\" style=' text-align:left;'><div class=\"full_section_inner clearfix\"><div class=\"wpb_column vc_column_container vc_col-sm-12\"><div class=\"vc_column-inner\"><div class=\"wpb_wrapper\">\n\t<div class=\"wpb_text_column wpb_content_element  vc_custom_1595637645907\">\n\t\t<div class=\"wpb_wrapper\">\n\t\t\t<h2><span style=\"color: #000000;\">How to get to Valle de Bravo<\/span><\/h2>\n<p>&nbsp;<\/p>\n<p>To get to <strong>Valle de Bravo<\/strong>, please follow the next instructions:<\/p>\n<p>&nbsp;<\/p>\n<p>Get to\u00a0<strong><a href=\"http:\/\/vivevalle.mx\/en\/\">Valle de Bravo<\/a><\/strong>\u00a0is very simple due to its closeness and accessibility from some of Mexico's main big cities like Mexico City, Toluca and Morelia. If you are coming from Mexico City and after watching\u00a0<strong><a href=\"https:\/\/www.youtube.com\/embed\/4xiLiqkytIw?rel=0\" target=\"_blank\" rel=\"noopener noreferrer\">our video<\/a><\/strong>\u00a0you keep asking\u00a0<strong>how to get to Valle de Bravo<\/strong>\u00a0You can click on the map and get instructions.<\/p>\n<p>&nbsp;<\/p>\n<p><strong>Desde la CDMX: 4 casetas \u2248 $387.00 MXN (2020) \u2248 1.5 HORAS<br \/>\n<\/strong><\/p>\n<p><strong>Directions:<\/strong><\/p>\n<p><strong>KM 0<\/strong>: Autopista M\u00e9xico-Toluca: Take the highway M\u00e9xico-Toluca and keep straight<\/p>\n<p class=\"translation-block\"><strong>KM 9<\/strong>: La Marquesa: keep straight on La Marquesa towards Toluca<\/p>\n<p><strong>KM 20<\/strong>: Guadalajara-Morelia: Take deviation to the right which says \u201cGuadalajara-Morelia\u201d<\/p>\n<p><strong>KM 26<\/strong>: Xonacatl\u00e1n: Pass the toll and keep straight to \u201cAtlacomulco-Temoaya\u201d<\/p>\n<p><strong>KM 66<\/strong>: La Hortaliza Toll: Keep straight to\u201cZitacuaro-Valle de Bravo-Avandaro\u201d<\/p>\n<p><strong>KM 87<\/strong>: Valle de Bravo: Take deviation to the the right towards Valle de Bravo and pass the toll.<\/p>\n<p>&nbsp;<\/p>\n<p>One you are in <a href=\"https:\/\/vivevalle.mx\/en\/\" target=\"_blank\" rel=\"noopener noreferrer\"><strong><span style=\"color: #66ff66;\">Valle de Bravo<\/span><\/strong><\/a>, book your adventures with us :)<\/p>\n\n\t\t<\/div>\n\t<\/div><\/div><\/div><\/div><\/div><\/div><div      class=\"vc_row wpb_row section vc_row-fluid\" style=' text-align:left;'><div class=\"full_section_inner clearfix\"><div class=\"wpb_column vc_column_container vc_col-sm-12\"><div class=\"vc_column-inner\"><div class=\"wpb_wrapper\"><div class=\"wpb_gmaps_widget wpb_content_element\"><div class=\"wpb_wrapper\"><div class=\"wpb_map_wraper\"><iframe src=\"https:\/\/www.google.com\/maps\/embed?pb=!1m18!1m12!1m3!1d7536.13631374321!2d-100.13255825184653!3d19.19222523113789!2m3!1f0!2f0!3f0!3m2!1i1024!2i768!4f13.1!3m3!1m2!1s0x85cd63813218f41f%3A0xb687c3a1fb52897c!2sValle+de+Bravo%2C+M%C3%A9x.!5e0!3m2!1ses-419!2smx!4v1565929422662!5m2!1ses-419!2smx\" width=\"600\" height=\"450\" frameborder=\"0\" style=\"border:0\" allowfullscreen><\/iframe><\/div><\/div><\/div><\/div><\/div><\/div><\/div><\/div><div      class=\"vc_row wpb_row section vc_row-fluid  vc_custom_1541560182433\" style=' text-align:left;'><div class=\"full_section_inner clearfix\"><div class=\"wpb_column vc_column_container vc_col-sm-12\"><div class=\"vc_column-inner\"><div class=\"wpb_wrapper\">\n\t<div class=\"wpb_text_column wpb_content_element  vc_custom_1683248399524\">\n\t\t<div class=\"wpb_wrapper\">\n\t\t\t<h2 style=\"text-align: center;\">Si prefieres llegar en autob\u00fas<\/h2>\n<h2 style=\"text-align: center;\">te invitamos a visitar la p\u00e1gina de nuestros amigos de <span style=\"text-decoration: underline; color: #66ff66;\"><a style=\"color: #66ff66; text-decoration: underline;\" href=\"http:\/\/autobuseszinacantepec.com.mx\/\" target=\"_blank\" rel=\"noopener noreferrer\">ZINA-BUS<\/a><\/span><\/h2>\n\n\t\t<\/div>\n\t<\/div><\/div><\/div><\/div><\/div><\/div>\n<\/div>","protected":false},"excerpt":{"rendered":"C\u00f3mo llegar a Valle de Bravo Ver instrucciones \u00bfPlaneas ir a Valle de Bravo? Conoce NUESTROS SERVICIOS Parapente VER M\u00c1S Velero VER M\u00c1S Ala Delta VER M\u00c1S Si necesitas algo en Valle de Bravo \u00a0Preg\u00fantanos por WHATSAPP\u00a0 \u00bfC\u00f3mo llegar a Valle de Bravo? &nbsp; Para...","protected":false},"author":1,"featured_media":0,"parent":0,"menu_order":0,"comment_status":"closed","ping_status":"closed","template":"full_width.php","meta":{"_joinchat":{"view":"no"},"footnotes":""},"class_list":["post-420","page","type-page","status-publish","hentry"],"yoast_head":"<!-- This site is optimized with the Yoast SEO plugin v27.4 - https:\/\/yoast.com\/product\/yoast-seo-wordpress\/ -->\n<title>C\u00f3mo Llegar a Valle de Bravo - ViveValle<\/title>\n<meta name=\"description\" content=\"Si deseas saber como llegar a Valle de Bravo, el precio de las casetas y la informaci\u00f3n detallada, este es el sitio que estas buscando.\" \/>\n<meta name=\"robots\" content=\"index, follow, max-snippet:-1, max-image-preview:large, max-video-preview:-1\" \/>\n<link rel=\"canonical\" href=\"https:\/\/vivevalle.mx\/en\/como-llegar-a-valle-de-bravo\/\" \/>\n<meta property=\"og:locale\" content=\"en_US\" \/>\n<meta property=\"og:type\" content=\"article\" \/>\n<meta property=\"og:title\" content=\"C\u00f3mo Llegar a Valle de Bravo - ViveValle\" \/>\n<meta property=\"og:description\" content=\"Si deseas saber como llegar a Valle de Bravo, el precio de las casetas y la informaci\u00f3n detallada, este es el sitio que estas buscando.\" \/>\n<meta property=\"og:url\" content=\"https:\/\/vivevalle.mx\/en\/como-llegar-a-valle-de-bravo\/\" \/>\n<meta property=\"og:site_name\" content=\"ViveValle\" \/>\n<meta property=\"article:publisher\" content=\"https:\/\/www.facebook.com\/ViveValle\/\" \/>\n<meta property=\"article:modified_time\" content=\"2023-10-04T05:51:39+00:00\" \/>\n<meta name=\"twitter:card\" content=\"summary_large_image\" \/>\n<meta name=\"twitter:label1\" content=\"Est. reading time\" \/>\n\t<meta name=\"twitter:data1\" content=\"3 minutes\" \/>\n<script type=\"application\/ld+json\" class=\"yoast-schema-graph\">{\"@context\":\"https:\\\/\\\/schema.org\",\"@graph\":[{\"@type\":\"WebPage\",\"@id\":\"https:\\\/\\\/vivevalle.mx\\\/como-llegar-a-valle-de-bravo\\\/\",\"url\":\"https:\\\/\\\/vivevalle.mx\\\/como-llegar-a-valle-de-bravo\\\/\",\"name\":\"C\u00f3mo Llegar a Valle de Bravo - ViveValle\",\"isPartOf\":{\"@id\":\"https:\\\/\\\/vivevalle.mx\\\/#website\"},\"datePublished\":\"2018-12-08T18:23:54+00:00\",\"dateModified\":\"2023-10-04T05:51:39+00:00\",\"description\":\"Si deseas saber como llegar a Valle de Bravo, el precio de las casetas y la informaci\u00f3n detallada, este es el sitio que estas buscando.\",\"breadcrumb\":{\"@id\":\"https:\\\/\\\/vivevalle.mx\\\/como-llegar-a-valle-de-bravo\\\/#breadcrumb\"},\"inLanguage\":\"en-US\",\"potentialAction\":[{\"@type\":\"ReadAction\",\"target\":[\"https:\\\/\\\/vivevalle.mx\\\/como-llegar-a-valle-de-bravo\\\/\"]}]},{\"@type\":\"BreadcrumbList\",\"@id\":\"https:\\\/\\\/vivevalle.mx\\\/como-llegar-a-valle-de-bravo\\\/#breadcrumb\",\"itemListElement\":[{\"@type\":\"ListItem\",\"position\":1,\"name\":\"Home\",\"item\":\"https:\\\/\\\/vivevalle.mx\\\/\"},{\"@type\":\"ListItem\",\"position\":2,\"name\":\"C\u00f3mo Llegar a Valle de Bravo\"}]},{\"@type\":\"WebSite\",\"@id\":\"https:\\\/\\\/vivevalle.mx\\\/#website\",\"url\":\"https:\\\/\\\/vivevalle.mx\\\/\",\"name\":\"ViveValle\",\"description\":\"Actividades en Valle de Bravo\",\"publisher\":{\"@id\":\"https:\\\/\\\/vivevalle.mx\\\/#organization\"},\"potentialAction\":[{\"@type\":\"SearchAction\",\"target\":{\"@type\":\"EntryPoint\",\"urlTemplate\":\"https:\\\/\\\/vivevalle.mx\\\/?s={search_term_string}\"},\"query-input\":{\"@type\":\"PropertyValueSpecification\",\"valueRequired\":true,\"valueName\":\"search_term_string\"}}],\"inLanguage\":\"en-US\"},{\"@type\":\"Organization\",\"@id\":\"https:\\\/\\\/vivevalle.mx\\\/#organization\",\"name\":\"ViveValle\",\"url\":\"https:\\\/\\\/vivevalle.mx\\\/\",\"logo\":{\"@type\":\"ImageObject\",\"inLanguage\":\"en-US\",\"@id\":\"https:\\\/\\\/vivevalle.mx\\\/#\\\/schema\\\/logo\\\/image\\\/\",\"url\":\"https:\\\/\\\/vivevalle.mx\\\/wp-content\\\/uploads\\\/2018\\\/10\\\/LogoBlanco.png\",\"contentUrl\":\"https:\\\/\\\/vivevalle.mx\\\/wp-content\\\/uploads\\\/2018\\\/10\\\/LogoBlanco.png\",\"width\":400,\"height\":200,\"caption\":\"ViveValle\"},\"image\":{\"@id\":\"https:\\\/\\\/vivevalle.mx\\\/#\\\/schema\\\/logo\\\/image\\\/\"},\"sameAs\":[\"https:\\\/\\\/www.facebook.com\\\/ViveValle\\\/\",\"https:\\\/\\\/www.instagram.com\\\/vivevalle\\\/\"]}]}<\/script>\n<!-- \/ Yoast SEO plugin. -->","yoast_head_json":{"title":"C\u00f3mo Llegar a Valle de Bravo - ViveValle","description":"Si deseas saber como llegar a Valle de Bravo, el precio de las casetas y la informaci\u00f3n detallada, este es el sitio que estas buscando.","robots":{"index":"index","follow":"follow","max-snippet":"max-snippet:-1","max-image-preview":"max-image-preview:large","max-video-preview":"max-video-preview:-1"},"canonical":"https:\/\/vivevalle.mx\/en\/como-llegar-a-valle-de-bravo\/","og_locale":"en_US","og_type":"article","og_title":"C\u00f3mo Llegar a Valle de Bravo - ViveValle","og_description":"Si deseas saber como llegar a Valle de Bravo, el precio de las casetas y la informaci\u00f3n detallada, este es el sitio que estas buscando.","og_url":"https:\/\/vivevalle.mx\/en\/como-llegar-a-valle-de-bravo\/","og_site_name":"ViveValle","article_publisher":"https:\/\/www.facebook.com\/ViveValle\/","article_modified_time":"2023-10-04T05:51:39+00:00","twitter_card":"summary_large_image","twitter_misc":{"Est. reading time":"3 minutes"},"schema":{"@context":"https:\/\/schema.org","@graph":[{"@type":"WebPage","@id":"https:\/\/vivevalle.mx\/como-llegar-a-valle-de-bravo\/","url":"https:\/\/vivevalle.mx\/como-llegar-a-valle-de-bravo\/","name":"C\u00f3mo Llegar a Valle de Bravo - ViveValle","isPartOf":{"@id":"https:\/\/vivevalle.mx\/#website"},"datePublished":"2018-12-08T18:23:54+00:00","dateModified":"2023-10-04T05:51:39+00:00","description":"Si deseas saber como llegar a Valle de Bravo, el precio de las casetas y la informaci\u00f3n detallada, este es el sitio que estas buscando.","breadcrumb":{"@id":"https:\/\/vivevalle.mx\/como-llegar-a-valle-de-bravo\/#breadcrumb"},"inLanguage":"en-US","potentialAction":[{"@type":"ReadAction","target":["https:\/\/vivevalle.mx\/como-llegar-a-valle-de-bravo\/"]}]},{"@type":"BreadcrumbList","@id":"https:\/\/vivevalle.mx\/como-llegar-a-valle-de-bravo\/#breadcrumb","itemListElement":[{"@type":"ListItem","position":1,"name":"Home","item":"https:\/\/vivevalle.mx\/"},{"@type":"ListItem","position":2,"name":"C\u00f3mo Llegar a Valle de Bravo"}]},{"@type":"WebSite","@id":"https:\/\/vivevalle.mx\/#website","url":"https:\/\/vivevalle.mx\/","name":"ViveValle","description":"Actividades en Valle de Bravo","publisher":{"@id":"https:\/\/vivevalle.mx\/#organization"},"potentialAction":[{"@type":"SearchAction","target":{"@type":"EntryPoint","urlTemplate":"https:\/\/vivevalle.mx\/?s={search_term_string}"},"query-input":{"@type":"PropertyValueSpecification","valueRequired":true,"valueName":"search_term_string"}}],"inLanguage":"en-US"},{"@type":"Organization","@id":"https:\/\/vivevalle.mx\/#organization","name":"ViveValle","url":"https:\/\/vivevalle.mx\/","logo":{"@type":"ImageObject","inLanguage":"en-US","@id":"https:\/\/vivevalle.mx\/#\/schema\/logo\/image\/","url":"https:\/\/vivevalle.mx\/wp-content\/uploads\/2018\/10\/LogoBlanco.png","contentUrl":"https:\/\/vivevalle.mx\/wp-content\/uploads\/2018\/10\/LogoBlanco.png","width":400,"height":200,"caption":"ViveValle"},"image":{"@id":"https:\/\/vivevalle.mx\/#\/schema\/logo\/image\/"},"sameAs":["https:\/\/www.facebook.com\/ViveValle\/","https:\/\/www.instagram.com\/vivevalle\/"]}]}},"_links":{"self":[{"href":"https:\/\/vivevalle.mx\/en\/wp-json\/wp\/v2\/pages\/420","targetHints":{"allow":["GET"]}}],"collection":[{"href":"https:\/\/vivevalle.mx\/en\/wp-json\/wp\/v2\/pages"}],"about":[{"href":"https:\/\/vivevalle.mx\/en\/wp-json\/wp\/v2\/types\/page"}],"author":[{"embeddable":true,"href":"https:\/\/vivevalle.mx\/en\/wp-json\/wp\/v2\/users\/1"}],"replies":[{"embeddable":true,"href":"https:\/\/vivevalle.mx\/en\/wp-json\/wp\/v2\/comments?post=420"}],"version-history":[{"count":37,"href":"https:\/\/vivevalle.mx\/en\/wp-json\/wp\/v2\/pages\/420\/revisions"}],"predecessor-version":[{"id":2093,"href":"https:\/\/vivevalle.mx\/en\/wp-json\/wp\/v2\/pages\/420\/revisions\/2093"}],"wp:attachment":[{"href":"https:\/\/vivevalle.mx\/en\/wp-json\/wp\/v2\/media?parent=420"}],"curies":[{"name":"wp","href":"https:\/\/api.w.org\/{rel}","templated":true}]}}