{"id":1316,"date":"2020-06-17T15:14:47","date_gmt":"2020-06-17T20:14:47","guid":{"rendered":"https:\/\/vivevalle.mx\/?page_id=1316"},"modified":"2023-05-04T19:01:11","modified_gmt":"2023-05-05T01:01:11","slug":"responsabilidad-ambiental-co2-y-cambio-climatico","status":"publish","type":"page","link":"https:\/\/vivevalle.mx\/en\/responsabilidad-ambiental-co2-y-cambio-climatico\/","title":{"rendered":"Environmental Care"},"content":{"rendered":"<div class=\"wpb-content-wrapper\"><div class=\"vc_row wpb_row section vc_row-fluid  vc_custom_1541612780415\" style=' padding-top:300px; padding-bottom:150px; text-align:center;'><div class=\"full_section_inner clearfix\"><div class=\"wpb_column vc_column_container vc_col-sm-12\"><div class=\"vc_column-inner\"><div class=\"wpb_wrapper\">\n\t<div class=\"wpb_text_column wpb_content_element  vc_custom_1683248458249\">\n\t\t<div class=\"wpb_wrapper\">\n\t\t\t<h1 style=\"text-align: center;\">Environmental Care<\/h1>\n\n\t\t<\/div>\n\t<\/div><\/div><\/div><\/div><\/div><\/div><div      class=\"vc_row wpb_row section vc_row-fluid  vc_custom_1539734881631\" style=' text-align:left;'><div class=\"full_section_inner clearfix\"><div class=\"wpb_column vc_column_container vc_col-sm-12\"><div class=\"vc_column-inner\"><div class=\"wpb_wrapper\">\n\t<div class=\"wpb_text_column wpb_content_element  vc_custom_1592858354473\">\n\t\t<div class=\"wpb_wrapper\">\n\t\t\t<h2 style=\"text-align: center;\">El CO2 y el cambio clim\u00e1tico<\/h2>\n\n\t\t<\/div>\n\t<\/div><\/div><\/div><\/div><\/div><\/div><div      class=\"vc_row wpb_row section vc_row-fluid  vc_custom_1592860710160\" style=' text-align:left;'><div class=\"full_section_inner clearfix\"><div class=\"wpb_column vc_column_container vc_col-sm-12\"><div class=\"vc_column-inner vc_custom_1592860339618\"><div class=\"wpb_wrapper\">\n\t<div class=\"wpb_text_column wpb_content_element  vc_custom_1592859934739\">\n\t\t<div class=\"wpb_wrapper\">\n\t\t\t<h4><span style=\"color: #042f56;\">El efecto invernadero por exceso de CO2<\/span><\/h4>\n<p>El di\u00f3xido de carbono o CO2 es un gas que abunda en nuestra atm\u00f3sfera. No es un gas da\u00f1ino para el ser humano, incluso es necesario para el ciclo de la vida animal y vegetal. <strong>El problema es el exceso de emisiones de gases<\/strong>, ya que la atm\u00f3sfera los retiene generando un efecto invernadero que ocasiona el cambio clim\u00e1tico.<\/p>\n\n\t\t<\/div>\n\t<\/div>\n\t<div class=\"wpb_text_column wpb_content_element  vc_custom_1592859949426\">\n\t\t<div class=\"wpb_wrapper\">\n\t\t\t<h4 style=\"text-align: right;\"><span style=\"color: #042f56;\">Algunas de las consecuencias<\/span><\/h4>\n<p style=\"text-align: right;\">El calentamiento global es una consecuencia del cambio clim\u00e1tico. Los riesgos que esto representa se perciben y <strong>continuar\u00e1n siendo reflejados en la salud<\/strong>, estilo de vida, suplemento de agua, seguridad de los alimentos, la econom\u00eda y la seguridad de las personas.<\/p>\n\n\t\t<\/div>\n\t<\/div>\n\t<div class=\"wpb_text_column wpb_content_element  vc_custom_1592859960247\">\n\t\t<div class=\"wpb_wrapper\">\n\t\t\t<h4><span style=\"color: #042f56;\">\u00bfA d\u00f3nde se intenta llegar?<\/span><\/h4>\n<p>Estudios reflejan que para el 2030 tendremos que haber disminuido a la mitad las emisiones que actualmente se generan para poder evitar el cambio clim\u00e1tico que hemos generado. Es por esto que muchas industrias y empresas de todo el mundo se han comprometido con acciones que disminuyen el impacto del di\u00f3xido de carbono en la Tierra. Se pretende lograr reducir el impacto a <strong>cero emisiones de CO2 para 2070<\/strong> y as\u00ed prevenir consecuencias devastadoras para el planeta.<\/p>\n\n\t\t<\/div>\n\t<\/div>\n\t<div class=\"wpb_text_column wpb_content_element  vc_custom_1592859981260\">\n\t\t<div class=\"wpb_wrapper\">\n\t\t\t<h4 style=\"text-align: right;\"><span style=\"color: #042f56;\">\u00bfQu\u00e9 es lo que m\u00e1s influye en el cambio clim\u00e1tico?<\/span><\/h4>\n<p style=\"text-align: right;\">Los principales emisores de CO2 son <strong>la quema de combustibles f\u00f3siles<\/strong> (carb\u00f3n y petr\u00f3leo) que se usan para generar energ\u00eda como electricidad y transporte (aeron\u00e1utica). Existen fuentes naturales de CO2, como cada ser vivo, por ejemplo; sin embargo, la deforestaci\u00f3n y el ritmo de vida que llevamos nos lleva a emitir en exceso este gas, que es la principal causa del cambio clim\u00e1tico.<\/p>\n\n\t\t<\/div>\n\t<\/div>\n\t<div class=\"wpb_text_column wpb_content_element  vc_custom_1592860300280\">\n\t\t<div class=\"wpb_wrapper\">\n\t\t\t<h4><span style=\"color: #042f56;\">Depende de nosotros<\/span><\/h4>\n<p>Como no podemos depender totalmente de lo que dicta un gobierno o una industria, las acciones para reducir el impacto de CO2 deben comenzar en casa, en nuestros h\u00e1bitos, y <span style=\"color: #66ff66;\"><a style=\"color: #66ff66;\" href=\"https:\/\/blog.vivevalle.mx\/5-formas-para-viajar-de-forma-mas-sustentable\/\" rel=\"noopener noreferrer\"><strong>nuestra forma de viajar<\/strong><\/a>.<\/span><\/p>\n\n\t\t<\/div>\n\t<\/div><\/div><\/div><\/div><\/div><\/div><div      class=\"vc_row wpb_row section vc_row-fluid  vc_custom_1541560182433\" style=' text-align:left;'><div class=\"full_section_inner clearfix\"><div class=\"wpb_column vc_column_container vc_col-sm-12\"><div class=\"vc_column-inner\"><div class=\"wpb_wrapper\">\n\t<div class=\"wpb_text_column wpb_content_element  vc_custom_1592858562364\">\n\t\t<div class=\"wpb_wrapper\">\n\t\t\t<h2 style=\"text-align: center;\">CONOCE NUESTRAS <span style=\"color: #66ff66;\"><a style=\"color: #66ff66;\" href=\"https:\/\/vivevalle.mx\/en\/\" rel=\"noopener noreferrer\">ACTIVIDADES LIBRES DE CO2<\/a><\/span><\/h2>\n\n\t\t<\/div>\n\t<\/div><\/div><\/div><\/div><\/div><\/div>\n<\/div>","protected":false},"excerpt":{"rendered":"Responsabilidad Ambiental El CO2 y el cambio clim\u00e1tico El efecto invernadero por exceso de CO2 El di\u00f3xido de carbono o CO2 es un gas que abunda en nuestra atm\u00f3sfera. No es un gas da\u00f1ino para el ser humano, incluso es necesario para el ciclo de...","protected":false},"author":1,"featured_media":0,"parent":0,"menu_order":0,"comment_status":"closed","ping_status":"closed","template":"full_width.php","meta":{"_joinchat":[],"footnotes":""},"class_list":["post-1316","page","type-page","status-publish","hentry"],"yoast_head":"<!-- This site is optimized with the Yoast SEO plugin v27.4 - https:\/\/yoast.com\/product\/yoast-seo-wordpress\/ -->\n<title>Responsabilidad Ambiental - ViveValle<\/title>\n<meta name=\"description\" content=\"Conoce c\u00f3mo afecta el exceso de CO2 al Cambio Clim\u00e1tico. Encuentra actividades libres de CO2 y la responsabilidad ambiental de ViveValle.\" \/>\n<meta name=\"robots\" content=\"index, follow, max-snippet:-1, max-image-preview:large, max-video-preview:-1\" \/>\n<link rel=\"canonical\" href=\"https:\/\/vivevalle.mx\/en\/responsabilidad-ambiental-co2-y-cambio-climatico\/\" \/>\n<meta property=\"og:locale\" content=\"en_US\" \/>\n<meta property=\"og:type\" content=\"article\" \/>\n<meta property=\"og:title\" content=\"Responsabilidad Ambiental - ViveValle\" \/>\n<meta property=\"og:description\" content=\"Conoce c\u00f3mo afecta el exceso de CO2 al Cambio Clim\u00e1tico. Encuentra actividades libres de CO2 y la responsabilidad ambiental de ViveValle.\" \/>\n<meta property=\"og:url\" content=\"https:\/\/vivevalle.mx\/en\/responsabilidad-ambiental-co2-y-cambio-climatico\/\" \/>\n<meta property=\"og:site_name\" content=\"ViveValle\" \/>\n<meta property=\"article:publisher\" content=\"https:\/\/www.facebook.com\/ViveValle\/\" \/>\n<meta property=\"article:modified_time\" content=\"2023-05-05T01:01:11+00:00\" \/>\n<meta name=\"twitter:card\" content=\"summary_large_image\" \/>\n<meta name=\"twitter:label1\" content=\"Est. reading time\" \/>\n\t<meta name=\"twitter:data1\" content=\"2 minutes\" \/>\n<script type=\"application\/ld+json\" class=\"yoast-schema-graph\">{\"@context\":\"https:\\\/\\\/schema.org\",\"@graph\":[{\"@type\":\"WebPage\",\"@id\":\"https:\\\/\\\/vivevalle.mx\\\/responsabilidad-ambiental-co2-y-cambio-climatico\\\/\",\"url\":\"https:\\\/\\\/vivevalle.mx\\\/responsabilidad-ambiental-co2-y-cambio-climatico\\\/\",\"name\":\"Responsabilidad Ambiental - ViveValle\",\"isPartOf\":{\"@id\":\"https:\\\/\\\/vivevalle.mx\\\/#website\"},\"datePublished\":\"2020-06-17T20:14:47+00:00\",\"dateModified\":\"2023-05-05T01:01:11+00:00\",\"description\":\"Conoce c\u00f3mo afecta el exceso de CO2 al Cambio Clim\u00e1tico. Encuentra actividades libres de CO2 y la responsabilidad ambiental de ViveValle.\",\"breadcrumb\":{\"@id\":\"https:\\\/\\\/vivevalle.mx\\\/responsabilidad-ambiental-co2-y-cambio-climatico\\\/#breadcrumb\"},\"inLanguage\":\"en-US\",\"potentialAction\":[{\"@type\":\"ReadAction\",\"target\":[\"https:\\\/\\\/vivevalle.mx\\\/responsabilidad-ambiental-co2-y-cambio-climatico\\\/\"]}]},{\"@type\":\"BreadcrumbList\",\"@id\":\"https:\\\/\\\/vivevalle.mx\\\/responsabilidad-ambiental-co2-y-cambio-climatico\\\/#breadcrumb\",\"itemListElement\":[{\"@type\":\"ListItem\",\"position\":1,\"name\":\"Home\",\"item\":\"https:\\\/\\\/vivevalle.mx\\\/\"},{\"@type\":\"ListItem\",\"position\":2,\"name\":\"Responsabilidad Ambiental\"}]},{\"@type\":\"WebSite\",\"@id\":\"https:\\\/\\\/vivevalle.mx\\\/#website\",\"url\":\"https:\\\/\\\/vivevalle.mx\\\/\",\"name\":\"ViveValle\",\"description\":\"Actividades en Valle de Bravo\",\"publisher\":{\"@id\":\"https:\\\/\\\/vivevalle.mx\\\/#organization\"},\"potentialAction\":[{\"@type\":\"SearchAction\",\"target\":{\"@type\":\"EntryPoint\",\"urlTemplate\":\"https:\\\/\\\/vivevalle.mx\\\/?s={search_term_string}\"},\"query-input\":{\"@type\":\"PropertyValueSpecification\",\"valueRequired\":true,\"valueName\":\"search_term_string\"}}],\"inLanguage\":\"en-US\"},{\"@type\":\"Organization\",\"@id\":\"https:\\\/\\\/vivevalle.mx\\\/#organization\",\"name\":\"ViveValle\",\"url\":\"https:\\\/\\\/vivevalle.mx\\\/\",\"logo\":{\"@type\":\"ImageObject\",\"inLanguage\":\"en-US\",\"@id\":\"https:\\\/\\\/vivevalle.mx\\\/#\\\/schema\\\/logo\\\/image\\\/\",\"url\":\"https:\\\/\\\/vivevalle.mx\\\/wp-content\\\/uploads\\\/2018\\\/10\\\/LogoBlanco.png\",\"contentUrl\":\"https:\\\/\\\/vivevalle.mx\\\/wp-content\\\/uploads\\\/2018\\\/10\\\/LogoBlanco.png\",\"width\":400,\"height\":200,\"caption\":\"ViveValle\"},\"image\":{\"@id\":\"https:\\\/\\\/vivevalle.mx\\\/#\\\/schema\\\/logo\\\/image\\\/\"},\"sameAs\":[\"https:\\\/\\\/www.facebook.com\\\/ViveValle\\\/\",\"https:\\\/\\\/www.instagram.com\\\/vivevalle\\\/\"]}]}<\/script>\n<!-- \/ Yoast SEO plugin. -->","yoast_head_json":{"title":"Responsabilidad Ambiental - ViveValle","description":"Conoce c\u00f3mo afecta el exceso de CO2 al Cambio Clim\u00e1tico. Encuentra actividades libres de CO2 y la responsabilidad ambiental de ViveValle.","robots":{"index":"index","follow":"follow","max-snippet":"max-snippet:-1","max-image-preview":"max-image-preview:large","max-video-preview":"max-video-preview:-1"},"canonical":"https:\/\/vivevalle.mx\/en\/responsabilidad-ambiental-co2-y-cambio-climatico\/","og_locale":"en_US","og_type":"article","og_title":"Responsabilidad Ambiental - ViveValle","og_description":"Conoce c\u00f3mo afecta el exceso de CO2 al Cambio Clim\u00e1tico. Encuentra actividades libres de CO2 y la responsabilidad ambiental de ViveValle.","og_url":"https:\/\/vivevalle.mx\/en\/responsabilidad-ambiental-co2-y-cambio-climatico\/","og_site_name":"ViveValle","article_publisher":"https:\/\/www.facebook.com\/ViveValle\/","article_modified_time":"2023-05-05T01:01:11+00:00","twitter_card":"summary_large_image","twitter_misc":{"Est. reading time":"2 minutes"},"schema":{"@context":"https:\/\/schema.org","@graph":[{"@type":"WebPage","@id":"https:\/\/vivevalle.mx\/responsabilidad-ambiental-co2-y-cambio-climatico\/","url":"https:\/\/vivevalle.mx\/responsabilidad-ambiental-co2-y-cambio-climatico\/","name":"Responsabilidad Ambiental - ViveValle","isPartOf":{"@id":"https:\/\/vivevalle.mx\/#website"},"datePublished":"2020-06-17T20:14:47+00:00","dateModified":"2023-05-05T01:01:11+00:00","description":"Conoce c\u00f3mo afecta el exceso de CO2 al Cambio Clim\u00e1tico. Encuentra actividades libres de CO2 y la responsabilidad ambiental de ViveValle.","breadcrumb":{"@id":"https:\/\/vivevalle.mx\/responsabilidad-ambiental-co2-y-cambio-climatico\/#breadcrumb"},"inLanguage":"en-US","potentialAction":[{"@type":"ReadAction","target":["https:\/\/vivevalle.mx\/responsabilidad-ambiental-co2-y-cambio-climatico\/"]}]},{"@type":"BreadcrumbList","@id":"https:\/\/vivevalle.mx\/responsabilidad-ambiental-co2-y-cambio-climatico\/#breadcrumb","itemListElement":[{"@type":"ListItem","position":1,"name":"Home","item":"https:\/\/vivevalle.mx\/"},{"@type":"ListItem","position":2,"name":"Responsabilidad Ambiental"}]},{"@type":"WebSite","@id":"https:\/\/vivevalle.mx\/#website","url":"https:\/\/vivevalle.mx\/","name":"ViveValle","description":"Actividades en Valle de Bravo","publisher":{"@id":"https:\/\/vivevalle.mx\/#organization"},"potentialAction":[{"@type":"SearchAction","target":{"@type":"EntryPoint","urlTemplate":"https:\/\/vivevalle.mx\/?s={search_term_string}"},"query-input":{"@type":"PropertyValueSpecification","valueRequired":true,"valueName":"search_term_string"}}],"inLanguage":"en-US"},{"@type":"Organization","@id":"https:\/\/vivevalle.mx\/#organization","name":"ViveValle","url":"https:\/\/vivevalle.mx\/","logo":{"@type":"ImageObject","inLanguage":"en-US","@id":"https:\/\/vivevalle.mx\/#\/schema\/logo\/image\/","url":"https:\/\/vivevalle.mx\/wp-content\/uploads\/2018\/10\/LogoBlanco.png","contentUrl":"https:\/\/vivevalle.mx\/wp-content\/uploads\/2018\/10\/LogoBlanco.png","width":400,"height":200,"caption":"ViveValle"},"image":{"@id":"https:\/\/vivevalle.mx\/#\/schema\/logo\/image\/"},"sameAs":["https:\/\/www.facebook.com\/ViveValle\/","https:\/\/www.instagram.com\/vivevalle\/"]}]}},"_links":{"self":[{"href":"https:\/\/vivevalle.mx\/en\/wp-json\/wp\/v2\/pages\/1316","targetHints":{"allow":["GET"]}}],"collection":[{"href":"https:\/\/vivevalle.mx\/en\/wp-json\/wp\/v2\/pages"}],"about":[{"href":"https:\/\/vivevalle.mx\/en\/wp-json\/wp\/v2\/types\/page"}],"author":[{"embeddable":true,"href":"https:\/\/vivevalle.mx\/en\/wp-json\/wp\/v2\/users\/1"}],"replies":[{"embeddable":true,"href":"https:\/\/vivevalle.mx\/en\/wp-json\/wp\/v2\/comments?post=1316"}],"version-history":[{"count":6,"href":"https:\/\/vivevalle.mx\/en\/wp-json\/wp\/v2\/pages\/1316\/revisions"}],"predecessor-version":[{"id":2070,"href":"https:\/\/vivevalle.mx\/en\/wp-json\/wp\/v2\/pages\/1316\/revisions\/2070"}],"wp:attachment":[{"href":"https:\/\/vivevalle.mx\/en\/wp-json\/wp\/v2\/media?parent=1316"}],"curies":[{"name":"wp","href":"https:\/\/api.w.org\/{rel}","templated":true}]}}