{"id":130,"date":"2018-11-07T18:45:02","date_gmt":"2018-11-07T18:45:02","guid":{"rendered":"http:\/\/vivevalle.mx\/?page_id=130"},"modified":"2023-10-03T23:50:36","modified_gmt":"2023-10-04T05:50:36","slug":"aviso-de-privacidad","status":"publish","type":"page","link":"https:\/\/vivevalle.mx\/en\/aviso-de-privacidad\/","title":{"rendered":"Privacy Policy"},"content":{"rendered":"<div class=\"wpb-content-wrapper\"><div class=\"vc_row wpb_row section vc_row-fluid  vc_custom_1541612780415\" style=' padding-top:300px; padding-bottom:150px; text-align:center;'><div class=\" full_section_inner clearfix\"><div class=\"wpb_column vc_column_container vc_col-sm-12\"><div class=\"vc_column-inner\"><div class=\"wpb_wrapper\">\n\t<div class=\"wpb_text_column wpb_content_element  vc_custom_1683248155285\">\n\t\t<div class=\"wpb_wrapper\">\n\t\t\t<h1 style=\"text-align: center;\">Aviso de privacidad<\/h1>\n\n\t\t<\/div>\n\t<\/div><\/div><\/div><\/div><\/div><\/div><div      class=\"vc_row wpb_row section vc_row-fluid  vc_custom_1539734881631\" style=' text-align:left;'><div class=\" full_section_inner clearfix\"><div class=\"wpb_column vc_column_container vc_col-sm-12\"><div class=\"vc_column-inner\"><div class=\"wpb_wrapper\">\n\t<div class=\"wpb_text_column wpb_content_element  vc_custom_1683248169100\">\n\t\t<div class=\"wpb_wrapper\">\n\t\t\t<h2 style=\"text-align: center;\">Te sugerimos leer esto<\/h2>\n\n\t\t<\/div>\n\t<\/div><\/div><\/div><\/div><\/div><\/div><div      class=\"vc_row wpb_row section vc_row-fluid  vc_custom_1541613529637\" style=' text-align:left;'><div class=\" full_section_inner clearfix\"><div class=\"wpb_column vc_column_container vc_col-sm-12\"><div class=\"vc_column-inner\"><div class=\"wpb_wrapper\">\n\t<div class=\"wpb_text_column wpb_content_element  vc_custom_1696398620487\">\n\t\t<div class=\"wpb_wrapper\">\n\t\t\t<p>En el sitio Web (vivevalle.mx) de Grupo Offsite M\u00e9xico SA de CV (ViveValle) con domicilio en Periferico Sur 5440, nos comprometemos a proteger tu privacidad. Este Aviso de Privacidad detalla la informaci\u00f3n que como usuario de nuestro sitio Web nos proporcionas, c\u00f3mo la recabamos, lo que hacemos con ella y c\u00f3mo la protegemos.<\/p>\n<p>&nbsp;<\/p>\n<p><strong>Forma de contacto.\u00a0<\/strong>Puede contactarnos redactando un correo electr\u00f3nico y enviarlo a la direcci\u00f3n electr\u00f3nica hola@vivevalle.mx<\/p>\n<p>&nbsp;<\/p>\n<p><strong>\u00bfCon qu\u00e9 fines recabamos y utilizamos tus datos personales?\u00a0<\/strong>Los datos personales recabados ser\u00e1n utilizados \u00fanicamente para dar seguimiento, actualizaci\u00f3n y confirmaci\u00f3n del servicio tur\u00edstico y productos contratados, dar seguimiento a tu reservaci\u00f3n, realizar encuestas acerca del servicio contratado, as\u00ed como para que recibas por e-mail informaci\u00f3n de las promociones y servicios adicionales que nosotros o nuestros socios comerciales ofrecemos.<\/p>\n<p>&nbsp;<\/p>\n<p><strong>Datos personales recabados y medios de obtenci\u00f3n de los mismos\u00a0<\/strong>Los datos personales recabados con los fines previstos en el presente Aviso de Privacidad son recabados de las siguientes formas: Cuando nos los proporcionas directamente y cuando visitas nuestros sitios web de internet e ingresas tus datos;<\/p>\n<p>&nbsp;<\/p>\n<p><strong>Informaci\u00f3n que se recolecta\u00a0<\/strong>Contacto, Registro de usuarios y Datos de Tarjeta de Cr\u00e9dito.<\/p>\n<p>&nbsp;<\/p>\n<p><strong>Datos personales sensibles\u00a0<\/strong>Le informamos que para cumplir con las finalidades previstas en este aviso de privacidad, pueden ser recabados y tratados datos personales sensibles, tales como: Preferencia sexual, condici\u00f3n f\u00edsica, estado de salud, discapacidad y documentos m\u00e9dicos, informaci\u00f3n bancaria, entre algunos otros, para lo cual se le pedir\u00e1 su consentimiento expreso. Nos comprometemos a que los mismos ser\u00e1n tratados bajo las m\u00e1s estrictas medidas de seguridad que garanticen su confidencialidad.<\/p>\n<p>&nbsp;<\/p>\n<p><strong>Limitaci\u00f3n al uso de tus datos personales\u00a0<\/strong>Usted puede limitar el uso de sus datos personales con el fin de no seguir recibiendo informaci\u00f3n de las promociones y servicios adicionales que ofrecemos enviando su solicitud a la direcci\u00f3n de correo electr\u00f3nico hola@vivevalle.mx<\/p>\n<p>&nbsp;<\/p>\n<p><strong>Transferencia de datos personales\u00a0<\/strong>Sus datos personales pueden ser transferidos y tratados dentro y fuera del pa\u00eds, por personas distintas a esta empresa. En ese sentido, su informaci\u00f3n puede ser compartida con los terceros que nos prestan el servicio de hosting del sitio Web y terceros relacionados con dicho proveedor, servicios de call center, servicios adicionales que hayas contratado, agencias de publicidad, instituciones bancarias, as\u00ed como a nuestras afiliadas y subsidiarias, con fines de prestar el servicio p\u00fablico de transporte a\u00e9reo de forma adecuada, as\u00ed como fines informativos, promocionales, publicitarios y mercantiles, lo cual, al hacer uso de nuestro sistema Web, aceptas expresamente.<\/p>\n<p>Los datos personales \u00fanicamente podr\u00e1n ser transferidos a terceros distintos de los mencionados en el p\u00e1rrafo anterior mediante: (i) consentimiento expreso, (ii) por resoluci\u00f3n u orden de autoridad judicial o administrativa y (iii) cuando se trate de informaci\u00f3n personal que por disposici\u00f3n de un ley sea considerada p\u00fablica.<\/p>\n<p>&nbsp;<\/p>\n<p><strong>Modificaciones al Aviso de Privacidad\u00a0<\/strong>Nos reservamos el derecho de efectuar en cualquier momento modificaciones o actualizaciones al presente aviso de privacidad, para la atenci\u00f3n de novedades legislativas, pol\u00edticas internas o nuevos requerimientos para la prestaci\u00f3n u ofrecimiento de nuestros servicios o productos.<\/p>\n<p>Estas modificaciones estar\u00e1n disponibles al p\u00fablico a trav\u00e9s de los siguientes medios: (i) anuncios visibles en nuestros establecimientos o centros de atenci\u00f3n a clientes; (ii) tr\u00edpticos o folletos disponibles en nuestros establecimientos o centros de atenci\u00f3n a clientes; (iii) en nuestra p\u00e1gina de Internet [secci\u00f3n aviso de privacidad]; (iv) o se las haremos llegar al \u00faltimo correo electr\u00f3nico que nos haya proporcionado.<\/p>\n<p>&nbsp;<\/p>\n<p><strong>Uso de cookies y web beacons\u00a0<\/strong>Las cookies son texto que son descargados autom\u00e1ticamente y almacenados en el disco duro del equipo de c\u00f3mputo del usuario al navegar en una p\u00e1gina de Internet espec\u00edfica, que permiten recordar al servidor de Internet algunos datos sobre este usuario, entre ellos, sus preferencias para la visualizaci\u00f3n de las p\u00e1ginas en ese servidor, nombre y contrase\u00f1a. No est\u00e1s obligado a aceptar las cookies que nosotros te enviemos, adem\u00e1s de que puedes modificar tu navegador para no aceptar cookies.<\/p>\n<p>Por su parte, las web beacons son im\u00e1genes insertadas en una p\u00e1gina de Internet o correo electr\u00f3nico, que puede ser utilizado para monitorear el comportamiento de un visitante, como almacenar informaci\u00f3n sobre la direcci\u00f3n IP del usuario, duraci\u00f3n del tiempo de interacci\u00f3n en dicha p\u00e1gina y el tipo de navegador utilizado, entre otros.<\/p>\n<p>ViveValle en su sitio Web utiliza cookies para grabar la informaci\u00f3n de la sesi\u00f3n, tales como servicios agregados a la reservaci\u00f3n o informaci\u00f3n espec\u00edfica sobre que p\u00e1ginas visitas como usuario, pero dicha informaci\u00f3n es utilizada sobre una base an\u00f3nima y agregada de tal manera que no podr\u00e1s ser identificado en ella.<\/p>\n<p>Cuando visitas nuestro sitio Web, nuestro servidor graba tu direcci\u00f3n IP junto con la fecha, hora y duraci\u00f3n de tu visita. Una direcci\u00f3n IP es un n\u00famero asignado, similar a un n\u00famero telef\u00f3nico, que permite a tu computadora conectarse a Internet.<\/p>\n<p>&nbsp;<\/p>\n<p><strong>Ligas a sitios Web de terceros\u00a0<\/strong>El Aviso de Privacidad de ViveValle solamente concierne al sitio Web de nuestra propiedad.<\/p>\n<p>Esto no incluye ligas a sitios Web de terceros. El uso de la informaci\u00f3n recolectada por estos sitios es, en su totalidad, responsabilidad de los sitios Web de terceros. Debes considerar que otras organizaciones tienen sus propios avisos de privacidad en cuanto a la recolecci\u00f3n y uso de informaci\u00f3n personal, as\u00ed como del uso de cookies. Si te preocupa el uso que otros sitios Web podr\u00edan dar a tu informaci\u00f3n, te recomendamos que leas su pol\u00edtica de privacidad o contactes a la organizaci\u00f3n propietaria del sitio Web.<\/p>\n<p>&nbsp;<\/p>\n<p><strong>Protecci\u00f3n\u00a0<\/strong>La seguridad y la confidencialidad de los datos que los usuarios proporcionen al contratar un servicio o comprar un producto en l\u00ednea estar\u00e1n protegidos por un servidor seguro bajo\u00a0el protocolo Secure Socket Layer (SSL), de tal forma que los datos enviados se transmitir\u00e1n encriptados para asegurar su resguardo.<\/p>\n<p>Para verificar que se encuentra en un entorno protegido aseg\u00farese de que aparezca una S en la barra de navegaci\u00f3n.<\/p>\n<p>Sin embargo, y a pesar de contar cada d\u00eda con herramientas m\u00e1s seguras, la protecci\u00f3n de los datos enviados a trav\u00e9s de Internet no se puede garantizar al 100%; por lo que una vez recibidos, se har\u00e1 todo lo posible por salvaguardar la informaci\u00f3n.<\/p>\n<p>&nbsp;<\/p>\n<p><strong>Tratamiento indebido de sus datos personales\u00a0<\/strong>Si usted considera que su derecho de protecci\u00f3n de datos personales ha sido lesionado por alguna conducta de nuestros empleados o de nuestras actuaciones o respuestas, presume que en el tratamiento de sus datos personales existe alguna violaci\u00f3n a las disposiciones previstas en la Ley Federal de Protecci\u00f3n de Datos Personales en Posesi\u00f3n de los Particulares, podr\u00e1 interponer la queja o denuncia correspondiente ante el IFAI, para mayor informaci\u00f3n visite\u00a0<a href=\"http:\/\/www.ifai.org.mx\">www.ifai.org.mx<\/a><\/p>\n\n\t\t<\/div>\n\t<\/div><\/div><\/div><\/div><\/div><\/div><div      class=\"vc_row wpb_row section vc_row-fluid  vc_custom_1541560182433\" style=' text-align:left;'><div class=\" full_section_inner clearfix\"><div class=\"wpb_column vc_column_container vc_col-sm-12\"><div class=\"vc_column-inner\"><div class=\"wpb_wrapper\">\n\t<div class=\"wpb_text_column wpb_content_element  vc_custom_1696398633189\">\n\t\t<div class=\"wpb_wrapper\">\n\t\t\t<h2 style=\"text-align: center;\">\u00bfTIENES DUDAS? <a href=\"https:\/\/wa.me\/5217223141483\" target=\"_blank\" rel=\"noopener noreferrer\"><span style=\"text-decoration: underline;\"><span style=\"color: #66ff66; text-decoration: underline;\">COMUN\u00cdCATE CON NOSOTROS<\/span><\/span><\/a><\/h2>\n\n\t\t<\/div>\n\t<\/div><\/div><\/div><\/div><\/div><\/div>\n<\/div>","protected":false},"excerpt":{"rendered":"Aviso de privacidad Te sugerimos leer esto En el sitio Web (vivevalle.mx) de Grupo Offsite M\u00e9xico SA de CV (ViveValle) con domicilio en Periferico Sur 5440, nos comprometemos a proteger tu privacidad. Este Aviso de Privacidad detalla la informaci\u00f3n que como usuario de nuestro sitio...","protected":false},"author":1,"featured_media":0,"parent":0,"menu_order":0,"comment_status":"closed","ping_status":"closed","template":"full_width.php","meta":{"_joinchat":[],"footnotes":""},"class_list":["post-130","page","type-page","status-publish","hentry"],"yoast_head":"<!-- This site is optimized with the Yoast SEO plugin v27.4 - https:\/\/yoast.com\/product\/yoast-seo-wordpress\/ -->\n<title>Aviso de Privacidad - ViveValle<\/title>\n<meta name=\"robots\" content=\"index, follow, max-snippet:-1, max-image-preview:large, max-video-preview:-1\" \/>\n<link rel=\"canonical\" href=\"https:\/\/vivevalle.mx\/en\/aviso-de-privacidad\/\" \/>\n<meta property=\"og:locale\" content=\"en_US\" \/>\n<meta property=\"og:type\" content=\"article\" \/>\n<meta property=\"og:title\" content=\"Aviso de Privacidad - ViveValle\" \/>\n<meta property=\"og:url\" content=\"https:\/\/vivevalle.mx\/en\/aviso-de-privacidad\/\" \/>\n<meta property=\"og:site_name\" content=\"ViveValle\" \/>\n<meta property=\"article:publisher\" content=\"https:\/\/www.facebook.com\/ViveValle\/\" \/>\n<meta property=\"article:modified_time\" content=\"2023-10-04T05:50:36+00:00\" \/>\n<meta name=\"twitter:card\" content=\"summary_large_image\" \/>\n<meta name=\"twitter:label1\" content=\"Est. reading time\" \/>\n\t<meta name=\"twitter:data1\" content=\"6 minutes\" \/>\n<script type=\"application\/ld+json\" class=\"yoast-schema-graph\">{\"@context\":\"https:\\\/\\\/schema.org\",\"@graph\":[{\"@type\":\"WebPage\",\"@id\":\"https:\\\/\\\/vivevalle.mx\\\/aviso-de-privacidad\\\/\",\"url\":\"https:\\\/\\\/vivevalle.mx\\\/aviso-de-privacidad\\\/\",\"name\":\"Aviso de Privacidad - ViveValle\",\"isPartOf\":{\"@id\":\"https:\\\/\\\/vivevalle.mx\\\/#website\"},\"datePublished\":\"2018-11-07T18:45:02+00:00\",\"dateModified\":\"2023-10-04T05:50:36+00:00\",\"breadcrumb\":{\"@id\":\"https:\\\/\\\/vivevalle.mx\\\/aviso-de-privacidad\\\/#breadcrumb\"},\"inLanguage\":\"en-US\",\"potentialAction\":[{\"@type\":\"ReadAction\",\"target\":[\"https:\\\/\\\/vivevalle.mx\\\/aviso-de-privacidad\\\/\"]}]},{\"@type\":\"BreadcrumbList\",\"@id\":\"https:\\\/\\\/vivevalle.mx\\\/aviso-de-privacidad\\\/#breadcrumb\",\"itemListElement\":[{\"@type\":\"ListItem\",\"position\":1,\"name\":\"Home\",\"item\":\"https:\\\/\\\/vivevalle.mx\\\/\"},{\"@type\":\"ListItem\",\"position\":2,\"name\":\"Aviso de Privacidad\"}]},{\"@type\":\"WebSite\",\"@id\":\"https:\\\/\\\/vivevalle.mx\\\/#website\",\"url\":\"https:\\\/\\\/vivevalle.mx\\\/\",\"name\":\"ViveValle\",\"description\":\"Actividades en Valle de Bravo\",\"publisher\":{\"@id\":\"https:\\\/\\\/vivevalle.mx\\\/#organization\"},\"potentialAction\":[{\"@type\":\"SearchAction\",\"target\":{\"@type\":\"EntryPoint\",\"urlTemplate\":\"https:\\\/\\\/vivevalle.mx\\\/?s={search_term_string}\"},\"query-input\":{\"@type\":\"PropertyValueSpecification\",\"valueRequired\":true,\"valueName\":\"search_term_string\"}}],\"inLanguage\":\"en-US\"},{\"@type\":\"Organization\",\"@id\":\"https:\\\/\\\/vivevalle.mx\\\/#organization\",\"name\":\"ViveValle\",\"url\":\"https:\\\/\\\/vivevalle.mx\\\/\",\"logo\":{\"@type\":\"ImageObject\",\"inLanguage\":\"en-US\",\"@id\":\"https:\\\/\\\/vivevalle.mx\\\/#\\\/schema\\\/logo\\\/image\\\/\",\"url\":\"https:\\\/\\\/vivevalle.mx\\\/wp-content\\\/uploads\\\/2018\\\/10\\\/LogoBlanco.png\",\"contentUrl\":\"https:\\\/\\\/vivevalle.mx\\\/wp-content\\\/uploads\\\/2018\\\/10\\\/LogoBlanco.png\",\"width\":400,\"height\":200,\"caption\":\"ViveValle\"},\"image\":{\"@id\":\"https:\\\/\\\/vivevalle.mx\\\/#\\\/schema\\\/logo\\\/image\\\/\"},\"sameAs\":[\"https:\\\/\\\/www.facebook.com\\\/ViveValle\\\/\",\"https:\\\/\\\/www.instagram.com\\\/vivevalle\\\/\"]}]}<\/script>\n<!-- \/ Yoast SEO plugin. -->","yoast_head_json":{"title":"Aviso de Privacidad - ViveValle","robots":{"index":"index","follow":"follow","max-snippet":"max-snippet:-1","max-image-preview":"max-image-preview:large","max-video-preview":"max-video-preview:-1"},"canonical":"https:\/\/vivevalle.mx\/en\/aviso-de-privacidad\/","og_locale":"en_US","og_type":"article","og_title":"Aviso de Privacidad - ViveValle","og_url":"https:\/\/vivevalle.mx\/en\/aviso-de-privacidad\/","og_site_name":"ViveValle","article_publisher":"https:\/\/www.facebook.com\/ViveValle\/","article_modified_time":"2023-10-04T05:50:36+00:00","twitter_card":"summary_large_image","twitter_misc":{"Est. reading time":"6 minutes"},"schema":{"@context":"https:\/\/schema.org","@graph":[{"@type":"WebPage","@id":"https:\/\/vivevalle.mx\/aviso-de-privacidad\/","url":"https:\/\/vivevalle.mx\/aviso-de-privacidad\/","name":"Aviso de Privacidad - ViveValle","isPartOf":{"@id":"https:\/\/vivevalle.mx\/#website"},"datePublished":"2018-11-07T18:45:02+00:00","dateModified":"2023-10-04T05:50:36+00:00","breadcrumb":{"@id":"https:\/\/vivevalle.mx\/aviso-de-privacidad\/#breadcrumb"},"inLanguage":"en-US","potentialAction":[{"@type":"ReadAction","target":["https:\/\/vivevalle.mx\/aviso-de-privacidad\/"]}]},{"@type":"BreadcrumbList","@id":"https:\/\/vivevalle.mx\/aviso-de-privacidad\/#breadcrumb","itemListElement":[{"@type":"ListItem","position":1,"name":"Home","item":"https:\/\/vivevalle.mx\/"},{"@type":"ListItem","position":2,"name":"Aviso de Privacidad"}]},{"@type":"WebSite","@id":"https:\/\/vivevalle.mx\/#website","url":"https:\/\/vivevalle.mx\/","name":"ViveValle","description":"Actividades en Valle de Bravo","publisher":{"@id":"https:\/\/vivevalle.mx\/#organization"},"potentialAction":[{"@type":"SearchAction","target":{"@type":"EntryPoint","urlTemplate":"https:\/\/vivevalle.mx\/?s={search_term_string}"},"query-input":{"@type":"PropertyValueSpecification","valueRequired":true,"valueName":"search_term_string"}}],"inLanguage":"en-US"},{"@type":"Organization","@id":"https:\/\/vivevalle.mx\/#organization","name":"ViveValle","url":"https:\/\/vivevalle.mx\/","logo":{"@type":"ImageObject","inLanguage":"en-US","@id":"https:\/\/vivevalle.mx\/#\/schema\/logo\/image\/","url":"https:\/\/vivevalle.mx\/wp-content\/uploads\/2018\/10\/LogoBlanco.png","contentUrl":"https:\/\/vivevalle.mx\/wp-content\/uploads\/2018\/10\/LogoBlanco.png","width":400,"height":200,"caption":"ViveValle"},"image":{"@id":"https:\/\/vivevalle.mx\/#\/schema\/logo\/image\/"},"sameAs":["https:\/\/www.facebook.com\/ViveValle\/","https:\/\/www.instagram.com\/vivevalle\/"]}]}},"_links":{"self":[{"href":"https:\/\/vivevalle.mx\/en\/wp-json\/wp\/v2\/pages\/130","targetHints":{"allow":["GET"]}}],"collection":[{"href":"https:\/\/vivevalle.mx\/en\/wp-json\/wp\/v2\/pages"}],"about":[{"href":"https:\/\/vivevalle.mx\/en\/wp-json\/wp\/v2\/types\/page"}],"author":[{"embeddable":true,"href":"https:\/\/vivevalle.mx\/en\/wp-json\/wp\/v2\/users\/1"}],"replies":[{"embeddable":true,"href":"https:\/\/vivevalle.mx\/en\/wp-json\/wp\/v2\/comments?post=130"}],"version-history":[{"count":11,"href":"https:\/\/vivevalle.mx\/en\/wp-json\/wp\/v2\/pages\/130\/revisions"}],"predecessor-version":[{"id":2092,"href":"https:\/\/vivevalle.mx\/en\/wp-json\/wp\/v2\/pages\/130\/revisions\/2092"}],"wp:attachment":[{"href":"https:\/\/vivevalle.mx\/en\/wp-json\/wp\/v2\/media?parent=130"}],"curies":[{"name":"wp","href":"https:\/\/api.w.org\/{rel}","templated":true}]}}