{"id":124,"date":"2018-11-07T17:43:07","date_gmt":"2018-11-07T17:43:07","guid":{"rendered":"http:\/\/vivevalle.mx\/?page_id=124"},"modified":"2023-10-03T23:57:47","modified_gmt":"2023-10-04T05:57:47","slug":"politicas-de-reservacion","status":"publish","type":"page","link":"https:\/\/vivevalle.mx\/en\/politicas-de-reservacion\/","title":{"rendered":"Booking Policies"},"content":{"rendered":"<div class=\"wpb-content-wrapper\"><div class=\"vc_row wpb_row section vc_row-fluid  vc_custom_1541612780415\" style=' padding-top:300px; padding-bottom:150px; text-align:center;'><div class=\"full_section_inner clearfix\"><div class=\"wpb_column vc_column_container vc_col-sm-12\"><div class=\"vc_column-inner\"><div class=\"wpb_wrapper\">\n\t<div class=\"wpb_text_column wpb_content_element  vc_custom_1541617081745\">\n\t\t<div class=\"wpb_wrapper\">\n\t\t\t<h1 style=\"text-align: center;\">BOOKING POLICIES<\/h1>\n\n\t\t<\/div>\n\t<\/div><\/div><\/div><\/div><\/div><\/div><div      class=\"vc_row wpb_row section vc_row-fluid  vc_custom_1539734881631\" style=' text-align:left;'><div class=\"full_section_inner clearfix\"><div class=\"wpb_column vc_column_container vc_col-sm-12\"><div class=\"vc_column-inner\"><div class=\"wpb_wrapper\">\n\t<div class=\"wpb_text_column wpb_content_element  vc_custom_1541612855284\">\n\t\t<div class=\"wpb_wrapper\">\n\t\t\t<h2 style=\"text-align: center;\">PLEASE TAKE A MINUTE TO READ THIS<\/h2>\n\n\t\t<\/div>\n\t<\/div><\/div><\/div><\/div><\/div><\/div><div      class=\"vc_row wpb_row section vc_row-fluid  vc_custom_1541613529637\" style=' text-align:left;'><div class=\"full_section_inner clearfix\"><div class=\"wpb_column vc_column_container vc_col-sm-12\"><div class=\"vc_column-inner\"><div class=\"wpb_wrapper\">\n\t<div class=\"wpb_text_column wpb_content_element  vc_custom_1647024267254\">\n\t\t<div class=\"wpb_wrapper\">\n\t\t\t<p>Please check our\u00a0<strong>booking policies<\/strong>:<\/p>\n<p>This agreement describes the terms and conditions that apply to the services available on this website. In addition, this agreement describes the responsibilities of the \u201cClient\u201d and, among other things, limits the responsibility of \u201cViveValle\u201d. We recommend you read this document carefully. The use of this site to make a reservation and purchase of services implies the acceptance of all terms and conditions. Before paying for services, read this document carefully and if you do not agree, it is important that you do not use this website to purchase travel services.<\/p>\n<p>&nbsp;<\/p>\n<p><strong>I. Booking and Payments<\/strong> En caso de pago con tarjeta de cr\u00e9dito, autorizo a Grupo Offsite M\u00e9xico SA de CV cargar a mi tarjeta de cr\u00e9dito la cantidad total del costo de los servicios de viaje detallados en mi numero de referencia. El monto del cargo es para cubrir el costo del paquete de actividades, hotel, o servicios adicionales que yo solicite. Certifico que soy tarjetahabiente y acepto el cargo de acuerdo a los t\u00e9rminos y condiciones del contrato de tarjeta de cr\u00e9dito expedido por mi banco. Los precios est\u00e1n sujetos a cambios, pero no limitado a incrementos de tarifas, cargos, impuestos, cargos de servicio de proveedores y cargos de hotel. El precio total puede ser cobrado en varias cantidades que en la sumatoria coincidir\u00e1 con el total. Cobrando un dep\u00f3sito del total al inicio por concepto de reservaci\u00f3n. Las reservaciones estar\u00e1n garantizadas cuando se haya cubierto el pago correspondiente y se haya enviado una confirmaci\u00f3n por parte de ViveValle de lo contrario, la reservaci\u00f3n no ser\u00e1 efectuada. El precio y la reservaci\u00f3n ser\u00e1 garantizado contra incrementos o cambios \u00fanicamente cuando el pago de reservaci\u00f3n haya sido realizado, recibido y aplicado en nuestras oficinas. Sin embargo, nos reservamos el derecho a re-facturar su reservaci\u00f3n en caso de que exista alg\u00fan error al momento de calcular el precio de su reservaci\u00f3n o por razones t\u00e9cnicas.<\/p>\n<p>&nbsp;<\/p>\n<p><strong>II. Changes, Cancellations and No Show<\/strong>\u00a0Los cambios en itinerario estar\u00e1n sujetos a disponibilidad y solo podr\u00e1n realizarse con 24 horas de anticipaci\u00f3n.En caso de que el cliente desee realizar un cambio dentro de las 24 previas a la hora de comienzo de la actividad, se cobrar\u00e1 una penalizaci\u00f3n de $500.00 MXN por persona y el cliente podr\u00e1 re programar hasta dentro de los siguientes 3 meses (sujeto a disponibilidad). En caso de que las condiciones del clima no permitieran realizar las actividades, ViveValle estar\u00e1 obligado a re programar los servicios para la fecha que el cliente dese\u00e9 exclusivamente dentro de los 3 pr\u00f3ximos meses a la fecha original de contrataci\u00f3n del servicio. En ning\u00fan momento ViveValle reembolsar\u00e1 la cantidad pagada por el cliente por motivos de condiciones clim\u00e1ticas adversas. Toda\u00a0<span class=\"il\">cancellation<\/span>\u00a0must be requested by email or at our offices and by submitting the corresponding payment receipt. In the case of Experiences a deposit will be charged that can be refunded if there is a\u00a0<span class=\"il\">cancellation<\/span>\u00a024 hours before the start time of the Experience. In the event that the client is not present at the start time of the Experience, he authorizes 100% of the total reservation to be charged; ViveValle will not be obliged to replace the contracted service. \u201cViveValle\u201d reserves the right to cancel or modify any contracted service without prior notice.<\/p>\n<p>&nbsp;<\/p>\n<p><strong>III. Responsibilities<\/strong>\u00a0\"ViveValle\" works within a highly secure environment within all its activities, however it is not responsible for any damage, accident, damage or problem suffered or caused by the client during his stay in Valle de Bravo, thus leaving the responsibility to its suppliers in terms of customer safety. The service providers will have the ability to decide not to carry out the activity if they consider that there is any disability or risk for the client caused by the weather or any other situation evaluated by the providers. Only in case of bad weather \"ViveValle\" will be responsible for offering a new date for the realization of the activities, there is no option to refund. In any other situation \"ViveValle\" will not be responsible for any situation and there will be no refund. \"ViveValle\" is not responsible for services not included in the reservation, such as extra expenses in hotels and activities. For no reason \u201cViveValle\u201d, its affiliates or suppliers will be liable for direct, indirect, punitive, incidental, special or consequential damages as a result of, or in any way related to the use of this website and the services offered, or the inability to use the \"Client\", as well as for any information, software, products and services obtained through this website.<\/p>\n<p>&nbsp;<\/p>\n<p><strong>IV. Complaints<\/strong> Cualquier queja o reclamaci\u00f3n deber\u00e1 de hacerse por escrito a trav\u00e9s del correo electr\u00f3nico hola@vivevalle.mx o directamente en nuestras oficinas, dentro de los treinta d\u00edas siguientes a la fecha final de los servicios de viaje. Para el conocimiento de todas las reclamaciones que puedan formularse por cualquier causa, tanto el pasajero como el organizador, se someten expresamente a la jurisdicci\u00f3n de los tribunales de la Ciudad de M\u00e9xico con renuncia a cualquier otro fuero. El hecho de la inscripci\u00f3n para tomar parte en cualquiera de los servicios contenidos en este sitio Web implica la total conformidad de todas y cada una de los t\u00e9rminos y condiciones generales establecidos.<\/p>\n<p>&nbsp;<\/p>\n<p><strong>VI. Billing<\/strong>\u00a0Todos nuestros precios est\u00e1n expresados sin incluir IVA. En caso de que el cliente requiera facturaci\u00f3n, ser\u00eda necesario que env\u00ede un correo a\u00a0hola@vivevalle.mx\u00a0especificando sus datos y en un periodo no mayor a 10 d\u00edas naturales despu\u00e9s de su compra. ViveValle se compromete a enviar la factura en un periodo no mayor a 5 d\u00edas h\u00e1biles.<\/p>\n\n\t\t<\/div>\n\t<\/div><\/div><\/div><\/div><\/div><\/div><div      class=\"vc_row wpb_row section vc_row-fluid  vc_custom_1541560182433\" style=' text-align:left;'><div class=\"full_section_inner clearfix\"><div class=\"wpb_column vc_column_container vc_col-sm-12\"><div class=\"vc_column-inner\"><div class=\"wpb_wrapper\">\n\t<div class=\"wpb_text_column wpb_content_element  vc_custom_1696399064632\">\n\t\t<div class=\"wpb_wrapper\">\n\t\t\t<h2 style=\"text-align: center;\">ANY QUESTIONS? <a href=\"https:\/\/wa.me\/5217223141483\" target=\"_blank\" rel=\"noopener noreferrer\"><span style=\"text-decoration: underline;\"><span style=\"color: #66ff66; text-decoration: underline;\">GET IN TOUCH WITH US<\/span><\/span><\/a><\/h2>\n\n\t\t<\/div>\n\t<\/div><\/div><\/div><\/div><\/div><\/div>\n<\/div>","protected":false},"excerpt":{"rendered":"POL\u00cdTICAS DE RESERVACI\u00d3N TE SUGERIMOS TOMAR UN MINUTO PARA LEER A continuaci\u00f3n puedes revisar nuestros\u00a0t\u00e9rminos y condiciones: Este acuerdo describe los t\u00e9rminos y condiciones que aplican a los servicios disponibles en este sitio Web. Adem\u00e1s, este acuerdo describe las responsabilidades del \u201cCliente\u201d y, dentro de...","protected":false},"author":1,"featured_media":0,"parent":0,"menu_order":0,"comment_status":"closed","ping_status":"closed","template":"full_width.php","meta":{"_joinchat":[],"footnotes":""},"class_list":["post-124","page","type-page","status-publish","hentry"],"yoast_head":"<!-- This site is optimized with the Yoast SEO plugin v27.4 - https:\/\/yoast.com\/product\/yoast-seo-wordpress\/ -->\n<title>Pol\u00edticas de Reservaci\u00f3n - ViveValle<\/title>\n<meta name=\"robots\" content=\"index, follow, max-snippet:-1, max-image-preview:large, max-video-preview:-1\" \/>\n<link rel=\"canonical\" href=\"https:\/\/vivevalle.mx\/en\/politicas-de-reservacion\/\" \/>\n<meta property=\"og:locale\" content=\"en_US\" \/>\n<meta property=\"og:type\" content=\"article\" \/>\n<meta property=\"og:title\" content=\"Pol\u00edticas de Reservaci\u00f3n - ViveValle\" \/>\n<meta property=\"og:url\" content=\"https:\/\/vivevalle.mx\/en\/politicas-de-reservacion\/\" \/>\n<meta property=\"og:site_name\" content=\"ViveValle\" \/>\n<meta property=\"article:publisher\" content=\"https:\/\/www.facebook.com\/ViveValle\/\" \/>\n<meta property=\"article:modified_time\" content=\"2023-10-04T05:57:47+00:00\" \/>\n<meta name=\"twitter:card\" content=\"summary_large_image\" \/>\n<meta name=\"twitter:label1\" content=\"Est. reading time\" \/>\n\t<meta name=\"twitter:data1\" content=\"5 minutes\" \/>\n<script type=\"application\/ld+json\" class=\"yoast-schema-graph\">{\"@context\":\"https:\\\/\\\/schema.org\",\"@graph\":[{\"@type\":\"WebPage\",\"@id\":\"https:\\\/\\\/vivevalle.mx\\\/politicas-de-reservacion\\\/\",\"url\":\"https:\\\/\\\/vivevalle.mx\\\/politicas-de-reservacion\\\/\",\"name\":\"Pol\u00edticas de Reservaci\u00f3n - ViveValle\",\"isPartOf\":{\"@id\":\"https:\\\/\\\/vivevalle.mx\\\/#website\"},\"datePublished\":\"2018-11-07T17:43:07+00:00\",\"dateModified\":\"2023-10-04T05:57:47+00:00\",\"breadcrumb\":{\"@id\":\"https:\\\/\\\/vivevalle.mx\\\/politicas-de-reservacion\\\/#breadcrumb\"},\"inLanguage\":\"en-US\",\"potentialAction\":[{\"@type\":\"ReadAction\",\"target\":[\"https:\\\/\\\/vivevalle.mx\\\/politicas-de-reservacion\\\/\"]}]},{\"@type\":\"BreadcrumbList\",\"@id\":\"https:\\\/\\\/vivevalle.mx\\\/politicas-de-reservacion\\\/#breadcrumb\",\"itemListElement\":[{\"@type\":\"ListItem\",\"position\":1,\"name\":\"Home\",\"item\":\"https:\\\/\\\/vivevalle.mx\\\/\"},{\"@type\":\"ListItem\",\"position\":2,\"name\":\"Pol\u00edticas de Reservaci\u00f3n\"}]},{\"@type\":\"WebSite\",\"@id\":\"https:\\\/\\\/vivevalle.mx\\\/#website\",\"url\":\"https:\\\/\\\/vivevalle.mx\\\/\",\"name\":\"ViveValle\",\"description\":\"Actividades en Valle de Bravo\",\"publisher\":{\"@id\":\"https:\\\/\\\/vivevalle.mx\\\/#organization\"},\"potentialAction\":[{\"@type\":\"SearchAction\",\"target\":{\"@type\":\"EntryPoint\",\"urlTemplate\":\"https:\\\/\\\/vivevalle.mx\\\/?s={search_term_string}\"},\"query-input\":{\"@type\":\"PropertyValueSpecification\",\"valueRequired\":true,\"valueName\":\"search_term_string\"}}],\"inLanguage\":\"en-US\"},{\"@type\":\"Organization\",\"@id\":\"https:\\\/\\\/vivevalle.mx\\\/#organization\",\"name\":\"ViveValle\",\"url\":\"https:\\\/\\\/vivevalle.mx\\\/\",\"logo\":{\"@type\":\"ImageObject\",\"inLanguage\":\"en-US\",\"@id\":\"https:\\\/\\\/vivevalle.mx\\\/#\\\/schema\\\/logo\\\/image\\\/\",\"url\":\"https:\\\/\\\/vivevalle.mx\\\/wp-content\\\/uploads\\\/2018\\\/10\\\/LogoBlanco.png\",\"contentUrl\":\"https:\\\/\\\/vivevalle.mx\\\/wp-content\\\/uploads\\\/2018\\\/10\\\/LogoBlanco.png\",\"width\":400,\"height\":200,\"caption\":\"ViveValle\"},\"image\":{\"@id\":\"https:\\\/\\\/vivevalle.mx\\\/#\\\/schema\\\/logo\\\/image\\\/\"},\"sameAs\":[\"https:\\\/\\\/www.facebook.com\\\/ViveValle\\\/\",\"https:\\\/\\\/www.instagram.com\\\/vivevalle\\\/\"]}]}<\/script>\n<!-- \/ Yoast SEO plugin. -->","yoast_head_json":{"title":"Pol\u00edticas de Reservaci\u00f3n - ViveValle","robots":{"index":"index","follow":"follow","max-snippet":"max-snippet:-1","max-image-preview":"max-image-preview:large","max-video-preview":"max-video-preview:-1"},"canonical":"https:\/\/vivevalle.mx\/en\/politicas-de-reservacion\/","og_locale":"en_US","og_type":"article","og_title":"Pol\u00edticas de Reservaci\u00f3n - ViveValle","og_url":"https:\/\/vivevalle.mx\/en\/politicas-de-reservacion\/","og_site_name":"ViveValle","article_publisher":"https:\/\/www.facebook.com\/ViveValle\/","article_modified_time":"2023-10-04T05:57:47+00:00","twitter_card":"summary_large_image","twitter_misc":{"Est. reading time":"5 minutes"},"schema":{"@context":"https:\/\/schema.org","@graph":[{"@type":"WebPage","@id":"https:\/\/vivevalle.mx\/politicas-de-reservacion\/","url":"https:\/\/vivevalle.mx\/politicas-de-reservacion\/","name":"Pol\u00edticas de Reservaci\u00f3n - ViveValle","isPartOf":{"@id":"https:\/\/vivevalle.mx\/#website"},"datePublished":"2018-11-07T17:43:07+00:00","dateModified":"2023-10-04T05:57:47+00:00","breadcrumb":{"@id":"https:\/\/vivevalle.mx\/politicas-de-reservacion\/#breadcrumb"},"inLanguage":"en-US","potentialAction":[{"@type":"ReadAction","target":["https:\/\/vivevalle.mx\/politicas-de-reservacion\/"]}]},{"@type":"BreadcrumbList","@id":"https:\/\/vivevalle.mx\/politicas-de-reservacion\/#breadcrumb","itemListElement":[{"@type":"ListItem","position":1,"name":"Home","item":"https:\/\/vivevalle.mx\/"},{"@type":"ListItem","position":2,"name":"Pol\u00edticas de Reservaci\u00f3n"}]},{"@type":"WebSite","@id":"https:\/\/vivevalle.mx\/#website","url":"https:\/\/vivevalle.mx\/","name":"ViveValle","description":"Actividades en Valle de Bravo","publisher":{"@id":"https:\/\/vivevalle.mx\/#organization"},"potentialAction":[{"@type":"SearchAction","target":{"@type":"EntryPoint","urlTemplate":"https:\/\/vivevalle.mx\/?s={search_term_string}"},"query-input":{"@type":"PropertyValueSpecification","valueRequired":true,"valueName":"search_term_string"}}],"inLanguage":"en-US"},{"@type":"Organization","@id":"https:\/\/vivevalle.mx\/#organization","name":"ViveValle","url":"https:\/\/vivevalle.mx\/","logo":{"@type":"ImageObject","inLanguage":"en-US","@id":"https:\/\/vivevalle.mx\/#\/schema\/logo\/image\/","url":"https:\/\/vivevalle.mx\/wp-content\/uploads\/2018\/10\/LogoBlanco.png","contentUrl":"https:\/\/vivevalle.mx\/wp-content\/uploads\/2018\/10\/LogoBlanco.png","width":400,"height":200,"caption":"ViveValle"},"image":{"@id":"https:\/\/vivevalle.mx\/#\/schema\/logo\/image\/"},"sameAs":["https:\/\/www.facebook.com\/ViveValle\/","https:\/\/www.instagram.com\/vivevalle\/"]}]}},"_links":{"self":[{"href":"https:\/\/vivevalle.mx\/en\/wp-json\/wp\/v2\/pages\/124","targetHints":{"allow":["GET"]}}],"collection":[{"href":"https:\/\/vivevalle.mx\/en\/wp-json\/wp\/v2\/pages"}],"about":[{"href":"https:\/\/vivevalle.mx\/en\/wp-json\/wp\/v2\/types\/page"}],"author":[{"embeddable":true,"href":"https:\/\/vivevalle.mx\/en\/wp-json\/wp\/v2\/users\/1"}],"replies":[{"embeddable":true,"href":"https:\/\/vivevalle.mx\/en\/wp-json\/wp\/v2\/comments?post=124"}],"version-history":[{"count":13,"href":"https:\/\/vivevalle.mx\/en\/wp-json\/wp\/v2\/pages\/124\/revisions"}],"predecessor-version":[{"id":2101,"href":"https:\/\/vivevalle.mx\/en\/wp-json\/wp\/v2\/pages\/124\/revisions\/2101"}],"wp:attachment":[{"href":"https:\/\/vivevalle.mx\/en\/wp-json\/wp\/v2\/media?parent=124"}],"curies":[{"name":"wp","href":"https:\/\/api.w.org\/{rel}","templated":true}]}}